{"id":6104,"date":"2019-10-13T13:53:03","date_gmt":"2019-10-13T11:53:03","guid":{"rendered":"https:\/\/backrelease.com\/haftungsausschluss\/"},"modified":"2020-02-17T22:05:20","modified_gmt":"2020-02-17T21:05:20","slug":"haftungsausschluss","status":"publish","type":"page","link":"https:\/\/backrelease.com\/de\/haftungsausschluss\/","title":{"rendered":"Haftungsausschluss"},"content":{"rendered":"<div class=\"fusion-fullwidth fullwidth-box fusion-builder-row-1 fusion-flex-container nonhundred-percent-fullwidth non-hundred-percent-height-scrolling\" style=\"--awb-border-radius-top-left:0px;--awb-border-radius-top-right:0px;--awb-border-radius-bottom-right:0px;--awb-border-radius-bottom-left:0px;--awb-flex-wrap:wrap;\" ><div class=\"fusion-builder-row fusion-row fusion-flex-align-items-flex-start fusion-flex-content-wrap\" style=\"max-width:calc( 1100px + 0px );margin-left: calc(-0px \/ 2 );margin-right: calc(-0px \/ 2 );\"><div class=\"fusion-layout-column fusion_builder_column fusion-builder-column-0 fusion_builder_column_1_1 1_1 fusion-flex-column\" style=\"--awb-bg-size:cover;--awb-width-large:100%;--awb-margin-top-large:0px;--awb-spacing-right-large:0px;--awb-margin-bottom-large:0px;--awb-spacing-left-large:0px;--awb-width-medium:100%;--awb-spacing-right-medium:0px;--awb-spacing-left-medium:0px;--awb-width-small:100%;--awb-spacing-right-small:0px;--awb-spacing-left-small:0px;\"><div class=\"fusion-column-wrapper fusion-flex-justify-content-flex-start fusion-content-layout-column\"><div class=\"fusion-text fusion-text-1\"><h4>Haftungsausschluss<\/h4>\n<p>Das Backrelease ist kein Medizinprodukt.<\/p>\n<p>Das Backrelease Ist ein Faszien-Traingsger\u00e4t im Bereich Wellness &amp; Fitness und dient dazu Vespannungen und Verklebungen im Myofaszialen Netzwerk aufzul\u00f6sen.<\/p>\n<p>Die Anwendung des Backrelease Massageger\u00e4tes ersetzen keine medizinische Diagnose und Behandlungen bei einem Arzt oder Therapeuten und stellt keine Heilbehandlung und Therapie dar. Schmerzen sind Symptome, deren Ursachen vielf\u00e4ltiger und individueller Natur sein k\u00f6nnen. Im Vorfeld sollte ein Arzt oder Therapeut konsultiert werden, um die Ursache zu definieren. Die \u00dcbungen sind m\u00f6glicherweise nicht f\u00fcr jeden geeignet. Insbesondere Schwangere sollten im Vorfeld ihren Arzt konsultieren.<\/p>\n<p>Die Thematik von \u201eFaszien und Myofasziale Triggerpunkte als Schmerzursache\u201c ist eine von vielen m\u00f6glichen Ursachen die zu Schmerzen f\u00fchren k\u00f6nnen.<\/p>\n<p>Das hier gezeigte Ger\u00e4t und die \u00dcbungen sind lediglich ein Vorschlag. Das Ger\u00e4t sollte sorgf\u00e4ltig angewendet werden. Die Anwendung und Ausf\u00fchrung gem\u00e4ss Anleitung erfolgt auf eigene Gefahr und Verantwortung. Jeder Anwender verzichtet auf die Geltendmachung von Schadenersatz-Anspr\u00fcchen jeglicher Art gegen den Autor, deren gesetzlichen Vertreter oder Erf\u00fcllungsgehilfen. Hersteller und Herausgeber erheben keinerlei Anspruch auf Vollst\u00e4ndigkeit der Anwendung\/Behandlung. Es wird keine Garantie f\u00fcr eine erfolgreiche Linderung und\/oder Behebung der Symptome aufgrund der Anwendung \u00fcbernommen.<\/p>\n<p>Der Hersteller und Herausgeber gibt kein Heilversprechen ab. Eine Haftung des Herstellers und Herausgebers oder seiner Beauftragten f\u00fcr Personen-, Sach- oder Verm\u00f6genssch\u00e4den im Zusammenhang mit der Nutzung des Ger\u00e4tes und den Anleitungen ist grunds\u00e4tzlich ausgeschlossen.<\/p>\n<p>Wenn sich durch die Anwendung gem\u00e4ss Anleitung keine positive Entwicklung auf die Symptome (Muskelschmerzen) einstellt, mag es daran liegen, dass die \u00dcbungen nicht richtig ausgef\u00fchrt werden. In diesem Falle ist es sinnvoll einen Therapeuten aufzusuchen.<\/p>\n<p>Das Ger\u00e4t mit den dazu geh\u00f6rigen \u00dcbungen stellt eine M\u00f6glichkeit der Selbstmassage und Behandlung von Faszien und Triggerpunkten dar.<\/p>\n<h4 data-fontsize=\"18\" data-lineheight=\"27\">Allgemeine Hinweise<\/h4>\n<ul>\n<li>2 Jahre Garantie gegen alle Fertigungs- oder Materialfehler.<\/li>\n<li>Anwendung ab 16 Jahren.<\/li>\n<li>Von Kindern fernhalten.<\/li>\n<li>Nicht in die Mikrowelle zum Aufw\u00e4rmen legen.<\/li>\n<li>Nicht in den Tiefk\u00fchler zum K\u00fchlen legen.<\/li>\n<li>Nicht am Steuer eines Fahrzeuges oder beim bedienen einer Maschine anwenden.<\/li>\n<li>Von Wasser fernhalten.<\/li>\n<li>Keine Zweckentfremdung.<\/li>\n<li>Nicht anwenden bei Erkrankungen der Muskulatur, Nerven, Gelenke oder Entz\u00fcndungen des Bewegungsapparats.<\/li>\n<li>Die Anwendung des Backrelease stellt keine Heilbehandlung und Therapie dar.<\/li>\n<li>Keinen Druck auf den passiven Bewegungsapparat aus\u00fcben &#8211; Wirbels\u00e4ule, Knochen, Gelenke, sensible K\u00f6rperregionen.<\/li>\n<li>Backrelease ist ein Wellness Produkt und ersetzt keine professionelle medizinische\/therapeutische Behandlung oder Diagnose.<\/li>\n<\/ul>\n<\/div><\/div><\/div><\/div><\/div>\n","protected":false},"excerpt":{"rendered":"","protected":false},"author":1,"featured_media":0,"parent":0,"menu_order":0,"comment_status":"closed","ping_status":"closed","template":"","meta":{"footnotes":""},"class_list":["post-6104","page","type-page","status-publish","hentry"],"yoast_head":"<!-- This site is optimized with the Yoast SEO plugin v27.5 - https:\/\/yoast.com\/product\/yoast-seo-wordpress\/ -->\n<title>Haftungsausschluss - www.backrelease.com<\/title>\n<meta name=\"robots\" content=\"noindex, nofollow\" \/>\n<meta property=\"og:locale\" content=\"de_DE\" \/>\n<meta property=\"og:type\" content=\"article\" \/>\n<meta property=\"og:title\" content=\"Haftungsausschluss - www.backrelease.com\" \/>\n<meta property=\"og:url\" content=\"https:\/\/backrelease.com\/de\/haftungsausschluss\/\" \/>\n<meta property=\"og:site_name\" content=\"www.backrelease.com\" \/>\n<meta property=\"article:publisher\" content=\"https:\/\/www.facebook.com\/backrelease\/\" \/>\n<meta property=\"article:modified_time\" content=\"2020-02-17T21:05:20+00:00\" \/>\n<meta name=\"twitter:card\" content=\"summary_large_image\" \/>\n<meta name=\"twitter:site\" content=\"@backrelease\" \/>\n<meta name=\"twitter:label1\" content=\"Gesch\u00e4tzte Lesezeit\" \/>\n\t<meta name=\"twitter:data1\" content=\"3\u00a0Minuten\" \/>\n<script type=\"application\/ld+json\" class=\"yoast-schema-graph\">{\"@context\":\"https:\\\/\\\/schema.org\",\"@graph\":[{\"@type\":\"WebPage\",\"@id\":\"https:\\\/\\\/backrelease.com\\\/de\\\/haftungsausschluss\\\/\",\"url\":\"https:\\\/\\\/backrelease.com\\\/de\\\/haftungsausschluss\\\/\",\"name\":\"Haftungsausschluss - www.backrelease.com\",\"isPartOf\":{\"@id\":\"https:\\\/\\\/backrelease.com\\\/de\\\/#website\"},\"datePublished\":\"2019-10-13T11:53:03+00:00\",\"dateModified\":\"2020-02-17T21:05:20+00:00\",\"breadcrumb\":{\"@id\":\"https:\\\/\\\/backrelease.com\\\/de\\\/haftungsausschluss\\\/#breadcrumb\"},\"inLanguage\":\"de\",\"potentialAction\":[{\"@type\":\"ReadAction\",\"target\":[\"https:\\\/\\\/backrelease.com\\\/de\\\/haftungsausschluss\\\/\"]}]},{\"@type\":\"BreadcrumbList\",\"@id\":\"https:\\\/\\\/backrelease.com\\\/de\\\/haftungsausschluss\\\/#breadcrumb\",\"itemListElement\":[{\"@type\":\"ListItem\",\"position\":1,\"name\":\"Startseite\",\"item\":\"https:\\\/\\\/backrelease.com\\\/de\\\/home-2\\\/\"},{\"@type\":\"ListItem\",\"position\":2,\"name\":\"Haftungsausschluss\"}]},{\"@type\":\"WebSite\",\"@id\":\"https:\\\/\\\/backrelease.com\\\/de\\\/#website\",\"url\":\"https:\\\/\\\/backrelease.com\\\/de\\\/\",\"name\":\"www.backrelease.com\",\"description\":\"Das Backrelease Massageger\u00e4t zur Behandlung von Muskelschmerzen und Triggerpunkten.\",\"publisher\":{\"@id\":\"https:\\\/\\\/backrelease.com\\\/de\\\/#organization\"},\"potentialAction\":[{\"@type\":\"SearchAction\",\"target\":{\"@type\":\"EntryPoint\",\"urlTemplate\":\"https:\\\/\\\/backrelease.com\\\/de\\\/?s={search_term_string}\"},\"query-input\":{\"@type\":\"PropertyValueSpecification\",\"valueRequired\":true,\"valueName\":\"search_term_string\"}}],\"inLanguage\":\"de\"},{\"@type\":\"Organization\",\"@id\":\"https:\\\/\\\/backrelease.com\\\/de\\\/#organization\",\"name\":\"Backrelease\",\"url\":\"https:\\\/\\\/backrelease.com\\\/de\\\/\",\"logo\":{\"@type\":\"ImageObject\",\"inLanguage\":\"de\",\"@id\":\"https:\\\/\\\/backrelease.com\\\/de\\\/#\\\/schema\\\/logo\\\/image\\\/\",\"url\":\"\",\"contentUrl\":\"\",\"caption\":\"Backrelease\"},\"image\":{\"@id\":\"https:\\\/\\\/backrelease.com\\\/de\\\/#\\\/schema\\\/logo\\\/image\\\/\"},\"sameAs\":[\"https:\\\/\\\/www.facebook.com\\\/backrelease\\\/\",\"https:\\\/\\\/x.com\\\/backrelease\",\"https:\\\/\\\/www.instagram.com\\\/backrelease\\\/\"]}]}<\/script>\n<!-- \/ Yoast SEO plugin. -->","yoast_head_json":{"title":"Haftungsausschluss - www.backrelease.com","robots":{"index":"noindex","follow":"nofollow"},"og_locale":"de_DE","og_type":"article","og_title":"Haftungsausschluss - www.backrelease.com","og_url":"https:\/\/backrelease.com\/de\/haftungsausschluss\/","og_site_name":"www.backrelease.com","article_publisher":"https:\/\/www.facebook.com\/backrelease\/","article_modified_time":"2020-02-17T21:05:20+00:00","twitter_card":"summary_large_image","twitter_site":"@backrelease","twitter_misc":{"Gesch\u00e4tzte Lesezeit":"3\u00a0Minuten"},"schema":{"@context":"https:\/\/schema.org","@graph":[{"@type":"WebPage","@id":"https:\/\/backrelease.com\/de\/haftungsausschluss\/","url":"https:\/\/backrelease.com\/de\/haftungsausschluss\/","name":"Haftungsausschluss - www.backrelease.com","isPartOf":{"@id":"https:\/\/backrelease.com\/de\/#website"},"datePublished":"2019-10-13T11:53:03+00:00","dateModified":"2020-02-17T21:05:20+00:00","breadcrumb":{"@id":"https:\/\/backrelease.com\/de\/haftungsausschluss\/#breadcrumb"},"inLanguage":"de","potentialAction":[{"@type":"ReadAction","target":["https:\/\/backrelease.com\/de\/haftungsausschluss\/"]}]},{"@type":"BreadcrumbList","@id":"https:\/\/backrelease.com\/de\/haftungsausschluss\/#breadcrumb","itemListElement":[{"@type":"ListItem","position":1,"name":"Startseite","item":"https:\/\/backrelease.com\/de\/home-2\/"},{"@type":"ListItem","position":2,"name":"Haftungsausschluss"}]},{"@type":"WebSite","@id":"https:\/\/backrelease.com\/de\/#website","url":"https:\/\/backrelease.com\/de\/","name":"www.backrelease.com","description":"Das Backrelease Massageger\u00e4t zur Behandlung von Muskelschmerzen und Triggerpunkten.","publisher":{"@id":"https:\/\/backrelease.com\/de\/#organization"},"potentialAction":[{"@type":"SearchAction","target":{"@type":"EntryPoint","urlTemplate":"https:\/\/backrelease.com\/de\/?s={search_term_string}"},"query-input":{"@type":"PropertyValueSpecification","valueRequired":true,"valueName":"search_term_string"}}],"inLanguage":"de"},{"@type":"Organization","@id":"https:\/\/backrelease.com\/de\/#organization","name":"Backrelease","url":"https:\/\/backrelease.com\/de\/","logo":{"@type":"ImageObject","inLanguage":"de","@id":"https:\/\/backrelease.com\/de\/#\/schema\/logo\/image\/","url":"","contentUrl":"","caption":"Backrelease"},"image":{"@id":"https:\/\/backrelease.com\/de\/#\/schema\/logo\/image\/"},"sameAs":["https:\/\/www.facebook.com\/backrelease\/","https:\/\/x.com\/backrelease","https:\/\/www.instagram.com\/backrelease\/"]}]}},"_links":{"self":[{"href":"https:\/\/backrelease.com\/de\/wp-json\/wp\/v2\/pages\/6104","targetHints":{"allow":["GET"]}}],"collection":[{"href":"https:\/\/backrelease.com\/de\/wp-json\/wp\/v2\/pages"}],"about":[{"href":"https:\/\/backrelease.com\/de\/wp-json\/wp\/v2\/types\/page"}],"author":[{"embeddable":true,"href":"https:\/\/backrelease.com\/de\/wp-json\/wp\/v2\/users\/1"}],"replies":[{"embeddable":true,"href":"https:\/\/backrelease.com\/de\/wp-json\/wp\/v2\/comments?post=6104"}],"version-history":[{"count":0,"href":"https:\/\/backrelease.com\/de\/wp-json\/wp\/v2\/pages\/6104\/revisions"}],"wp:attachment":[{"href":"https:\/\/backrelease.com\/de\/wp-json\/wp\/v2\/media?parent=6104"}],"curies":[{"name":"wp","href":"https:\/\/api.w.org\/{rel}","templated":true}]}}