{"id":6887,"date":"2020-04-02T13:32:11","date_gmt":"2020-04-02T11:32:11","guid":{"rendered":"https:\/\/backrelease.com\/about\/"},"modified":"2020-04-04T21:46:48","modified_gmt":"2020-04-04T19:46:48","slug":"selbstmassagegeraet-entstehung","status":"publish","type":"page","link":"https:\/\/backrelease.com\/de\/selbstmassagegeraet-entstehung\/","title":{"rendered":"About"},"content":{"rendered":"<p><div class=\"fusion-fullwidth fullwidth-box fusion-builder-row-1 fusion-flex-container nonhundred-percent-fullwidth non-hundred-percent-height-scrolling\" style=\"--awb-background-position:left top;--awb-border-radius-top-left:0px;--awb-border-radius-top-right:0px;--awb-border-radius-bottom-right:0px;--awb-border-radius-bottom-left:0px;--awb-border-sizes-top:0px;--awb-border-sizes-bottom:0px;--awb-flex-wrap:wrap;\" ><div class=\"fusion-builder-row fusion-row fusion-flex-align-items-flex-start fusion-flex-content-wrap\" style=\"max-width:1144px;margin-left: calc(-4% \/ 2 );margin-right: calc(-4% \/ 2 );\"><div class=\"fusion-layout-column fusion_builder_column fusion-builder-column-0 fusion_builder_column_1_1 1_1 fusion-flex-column\" style=\"--awb-bg-size:cover;--awb-width-large:100%;--awb-margin-top-large:0px;--awb-spacing-right-large:1.92%;--awb-margin-bottom-large:0px;--awb-spacing-left-large:1.92%;--awb-width-medium:100%;--awb-spacing-right-medium:1.92%;--awb-spacing-left-medium:1.92%;--awb-width-small:100%;--awb-spacing-right-small:1.92%;--awb-spacing-left-small:1.92%;\"><div class=\"fusion-column-wrapper fusion-flex-justify-content-flex-start fusion-content-layout-column\"><div class=\"fusion-image-element \" style=\"text-align:center;--awb-caption-title-font-family:var(--h2_typography-font-family);--awb-caption-title-font-weight:var(--h2_typography-font-weight);--awb-caption-title-font-style:var(--h2_typography-font-style);--awb-caption-title-size:var(--h2_typography-font-size);--awb-caption-title-transform:var(--h2_typography-text-transform);--awb-caption-title-line-height:var(--h2_typography-line-height);--awb-caption-title-letter-spacing:var(--h2_typography-letter-spacing);\"><span class=\" fusion-imageframe imageframe-none imageframe-1 hover-type-none about-pic\"><img decoding=\"async\" width=\"1000\" height=\"333\" alt=\"Muskelverspannungen l\u00f6sen\" title=\"Muskelverspannungen l\u00f6sen\" src=\"https:\/\/backrelease.com\/wp-content\/uploads\/2020\/04\/Muskelverspannungen-l\u00f6sen-1.jpg\" class=\"img-responsive wp-image-6884\" srcset=\"https:\/\/backrelease.com\/wp-content\/uploads\/2020\/04\/Muskelverspannungen-l\u00f6sen-1-200x67.jpg 200w, https:\/\/backrelease.com\/wp-content\/uploads\/2020\/04\/Muskelverspannungen-l\u00f6sen-1-400x133.jpg 400w, https:\/\/backrelease.com\/wp-content\/uploads\/2020\/04\/Muskelverspannungen-l\u00f6sen-1-600x200.jpg 600w, https:\/\/backrelease.com\/wp-content\/uploads\/2020\/04\/Muskelverspannungen-l\u00f6sen-1-800x266.jpg 800w, https:\/\/backrelease.com\/wp-content\/uploads\/2020\/04\/Muskelverspannungen-l\u00f6sen-1.jpg 1000w\" sizes=\"(max-width: 1024px) 100vw, (max-width: 640px) 100vw, 1000px\" \/><\/span><\/div><\/div><\/div><div class=\"fusion-layout-column fusion_builder_column fusion-builder-column-1 fusion_builder_column_1_6 1_6 fusion-flex-column\" style=\"--awb-bg-size:cover;--awb-width-large:16.666666666667%;--awb-margin-top-large:0px;--awb-spacing-right-large:11.52%;--awb-margin-bottom-large:20px;--awb-spacing-left-large:11.52%;--awb-width-medium:100%;--awb-spacing-right-medium:1.92%;--awb-spacing-left-medium:1.92%;--awb-width-small:100%;--awb-spacing-right-small:1.92%;--awb-spacing-left-small:1.92%;\"><div class=\"fusion-column-wrapper fusion-flex-justify-content-flex-start fusion-content-layout-column\"><\/div><\/div><div class=\"fusion-layout-column fusion_builder_column fusion-builder-column-2 fusion_builder_column_2_3 2_3 fusion-flex-column\" style=\"--awb-bg-image:url(&#039;https:\/\/samsky.cyon.site\/\/wp-content\/uploads\/2016\/08\/IMGP1966-1024x768.jpg&#039;);--awb-bg-position:center;--awb-bg-size:cover;--awb-width-large:66.666666666667%;--awb-margin-top-large:0px;--awb-spacing-right-large:2.88%;--awb-margin-bottom-large:20px;--awb-spacing-left-large:2.88%;--awb-width-medium:100%;--awb-spacing-right-medium:1.92%;--awb-spacing-left-medium:1.92%;--awb-width-small:100%;--awb-spacing-right-small:1.92%;--awb-spacing-left-small:1.92%;\"><div class=\"fusion-column-wrapper fusion-flex-justify-content-flex-start fusion-content-layout-column fusion-column-has-bg-image\" data-bg-url=\"https:\/\/samsky.cyon.site\/\/wp-content\/uploads\/2016\/08\/IMGP1966-1024x768.jpg\"><div class=\"fusion-text fusion-text-1\"><h3>Selbstmassage<\/h3>\n<p>In meiner akuten Phase mit einem hohen Pegel an chronischen Muskelschmerzen fragte ich jeden Therapeuten den ich besuchte, wie ich selber an mir arbeiten kann. Dadurch wurde die Thematik der Selbstmassage, in Zusammenhang mit Faszien und Triggerpunkten, zur wichtigsten Zutat f\u00fcr die Aufl\u00f6sung meiner muskul\u00e4ren Schmerzen.<\/p>\n<h3>Eigenbau &#8211; scratch my own itch<\/h3>\n<p>Die erlernten Fertigkeiten, durch meinen Beruf als Werkzeugmacher, motivierten mich dazu, selbst ein Ger\u00e4t zu bauen. Somit war ich vorteilhafterweise Entwickler und Tester in einem. Dennoch brauchte es mehrere Prototypen, bis sich die finale Form herauskristallisierte, um die Mischung aus Anwendbarkeit, Gr\u00f6\u00dfe und Funktionalit\u00e4t zu gew\u00e4hrleisten. Die Wahl des Werkstoffes Holz war naheliegend. Es besitzt genug Festigkeit und ist hautvertr\u00e4glich. Dazu kommt das ansprechende Erscheinungsbild der verschiedenen Holzarten. Zu guter Letzt hat Holz eine sehr angenehme Optik und ist nicht so klinisch wie beispielsweise Metall.<\/p>\n<h3>Warum gibt es Backrelease<\/h3>\n<p>Das Backrelease Massageger\u00e4t ist aus dem Bed\u00fcrfnis entstanden, meine Muskelverspannungen und Muskelschmerzen selber behandeln zu k\u00f6nnen.<\/p>\n<p>Die z\u00fcndende Idee kam dann w\u00e4hrend meiner Reisen. Ich habe schon immer gerne Sportarten wie Kitesurfen, Wellenreiten oder Schneesportarten ausge\u00fcbt. Die erh\u00f6hte Belastung der Muskulatur brachte aber auch verschiedene Probleme mit sich. Diese Erfahrungen steigerten das Verlangen nach einem Ger\u00e4t, welches die folgenden Eigenschaften mit sich bringt.<\/p>\n<ul>\n<li>Behandlung von allen Muskelgruppen, vor allem der R\u00fcckenmuskulatur<\/li>\n<li>Tiefliegende Muskelgruppen erreichen<\/li>\n<li>Klein und handlich<\/li>\n<\/ul>\n<p>Aus diesem Leitgedanken heraus ist ein multifunktionales Massageger\u00e4t entstanden, das sich am ganzen K\u00f6rper anwenden l\u00e4sst und den Zugang zum gesamten R\u00fccken, den Schultern und dem Nacken erm\u00f6glicht.<\/p>\n<p><strong>Im Mittelpunkt steht dabei die Erm\u00e4chtigung sich selbst zu helfen<\/strong>.<\/p>\n<p>Folgende Therapieans\u00e4tze spielen hierbei eine wichtige Rolle:<\/p>\n<ul>\n<li>Self Myofascial Release<\/li>\n<li>Verklebungen im Fasziengewebe l\u00f6sen<\/li>\n<li>Triggerpunkte behandeln<\/li>\n<\/ul>\n<h3>Vor- und Nachteile der Selbstmassage<\/h3>\n<p>Die Motivation, sich selber zu behandeln und die Verantwortung f\u00fcr sein Handeln zu \u00fcbernehmen, sind die Grundvoraussetzungen zur Selbstmassage.<\/p>\n<p>Die Vorteile einer Selbstmassage sind gro\u00dfartig:<\/p>\n<ul>\n<li>Selbsterm\u00e4chtigung<\/li>\n<li>G\u00fcnstig<\/li>\n<li>Keine Terminvereinbarung<\/li>\n<li>Jederzeit und \u00fcberall<\/li>\n<\/ul>\n<p>Die Erfolgserlebnisse durch Selbstbehandlung:<\/p>\n<ul>\n<li>erh\u00f6hen das Selbstvertrauen<\/li>\n<li>die Zuversicht in die Selbstheilungskr\u00e4fte deines K\u00f6rpers<\/li>\n<li>verleihen dir ein Gef\u00fchl von Unabh\u00e4ngigkeit<\/li>\n<\/ul>\n<p>Es gibt auch Nachteile:<\/p>\n<ul>\n<li>Zum Teil keine vollst\u00e4ndige Entspannung der Muskeln<\/li>\n<li>Disziplin selber zu tun<\/li>\n<li>Erreichbarkeit der Muskeln<\/li>\n<\/ul>\n<\/div><\/div><\/div><div class=\"fusion-layout-column fusion_builder_column fusion-builder-column-3 fusion_builder_column_1_6 1_6 fusion-flex-column\" style=\"--awb-bg-size:cover;--awb-width-large:16.666666666667%;--awb-margin-top-large:0px;--awb-spacing-right-large:11.52%;--awb-margin-bottom-large:20px;--awb-spacing-left-large:11.52%;--awb-width-medium:100%;--awb-spacing-right-medium:1.92%;--awb-spacing-left-medium:1.92%;--awb-width-small:100%;--awb-spacing-right-small:1.92%;--awb-spacing-left-small:1.92%;\"><div class=\"fusion-column-wrapper fusion-flex-justify-content-flex-start fusion-content-layout-column\"><\/div><\/div><\/div><\/div><div class=\"fusion-fullwidth fullwidth-box fusion-builder-row-2 fusion-flex-container nonhundred-percent-fullwidth non-hundred-percent-height-scrolling\" style=\"--awb-border-radius-top-left:0px;--awb-border-radius-top-right:0px;--awb-border-radius-bottom-right:0px;--awb-border-radius-bottom-left:0px;--awb-flex-wrap:wrap;\" ><div class=\"fusion-builder-row fusion-row fusion-flex-align-items-flex-start fusion-flex-content-wrap\" style=\"max-width:1144px;margin-left: calc(-4% \/ 2 );margin-right: calc(-4% \/ 2 );\"><div class=\"fusion-layout-column fusion_builder_column fusion-builder-column-4 fusion_builder_column_1_6 1_6 fusion-flex-column\" style=\"--awb-bg-size:cover;--awb-width-large:16.666666666667%;--awb-margin-top-large:0px;--awb-spacing-right-large:11.52%;--awb-margin-bottom-large:20px;--awb-spacing-left-large:11.52%;--awb-width-medium:100%;--awb-spacing-right-medium:1.92%;--awb-spacing-left-medium:1.92%;--awb-width-small:100%;--awb-spacing-right-small:1.92%;--awb-spacing-left-small:1.92%;\"><div class=\"fusion-column-wrapper fusion-flex-justify-content-flex-start fusion-content-layout-column\"><\/div><\/div><div class=\"fusion-layout-column fusion_builder_column fusion-builder-column-5 fusion_builder_column_2_3 2_3 fusion-flex-column\" style=\"--awb-bg-size:cover;--awb-width-large:66.666666666667%;--awb-margin-top-large:0px;--awb-spacing-right-large:2.88%;--awb-margin-bottom-large:20px;--awb-spacing-left-large:2.88%;--awb-width-medium:100%;--awb-spacing-right-medium:1.92%;--awb-spacing-left-medium:1.92%;--awb-width-small:100%;--awb-spacing-right-small:1.92%;--awb-spacing-left-small:1.92%;\"><div class=\"fusion-column-wrapper fusion-flex-justify-content-flex-start fusion-content-layout-column\"><div class=\"fusion-separator fusion-full-width-sep\" style=\"align-self: center;margin-left: auto;margin-right: auto;margin-bottom:50px;width:100%;\"><div class=\"fusion-separator-border sep-single sep-solid\" style=\"--awb-height:20px;--awb-amount:20px;border-color:#e0dede;border-top-width:1px;\"><\/div><\/div><div class=\"fusion-blog-shortcode fusion-blog-shortcode-1 fusion-blog-archive fusion-blog-layout-medium fusion-blog-infinite\"><div class=\"fusion-posts-container fusion-posts-container-infinite\" data-pages=\"1\"><article id=\"blog-1-post-1324\" class=\"fusion-post-medium post-1324 post type-post status-publish format-standard has-post-thumbnail hentry category-backrelease-triggerpunkte-faszien tag-meine-geschichte\">\n\t<style type=\"text\/css\">\n\t\t\t\t\t#blog-1-post-1324 .fusion-post-slideshow {\n\t\t\t\tmax-width: 500px !important;\n\t\t\t}\n\t\t\n\t\t\t\t\t#blog-1-post-1324 .fusion-post-slideshow,\n\t\t\t#blog-1-post-1324 .fusion-post-slideshow .fusion-image-wrapper img {\n\t\t\t\tmax-height: 375px !important;\n\t\t\t}\n\t\t\n\t\t\n\t\t\n\t\t\t\t\t@media only screen and (max-width: 479px){\n\t\t\t\t#blog-1-post-1324 .fusion-post-slideshow,\n\t\t\t\t#blog-1-post-1324 .fusion-post-slideshow .fusion-image-wrapper img {\n\t\t\t\t\twidth :auto !important;\n\t\t\t\t\theight :auto !important;\n\t\t\t\t}\n\t\t\t}\n\t\t\t<\/style>\n\n\n\t\t\t<div class=\"fusion-flexslider flexslider fusion-flexslider-loading fusion-post-slideshow\" style=\"\">\n\t\t<ul class=\"slides\">\n\t\t\t\n\t\t\t\t\t\t\t\t\t\t\t\t\t\t<li><div  class=\"fusion-image-wrapper\" aria-haspopup=\"true\">\n\t\t\t\t\t\t\t<a href=\"https:\/\/backrelease.com\/de\/muskelschmerzen-selber-behandeln\/\" aria-label=\"Wie ich meine Muskelschmerzen in den Griff bekam\">\n\t\t\t\t\t\t\t<img decoding=\"async\" width=\"500\" height=\"375\" src=\"https:\/\/backrelease.com\/wp-content\/uploads\/2017\/06\/Schmerzlos-Muskelschmerzen.jpg\" class=\"attachment-full size-full wp-post-image\" alt=\"Schmerzlos-Muskelschmerzen\" srcset=\"https:\/\/backrelease.com\/wp-content\/uploads\/2017\/06\/Schmerzlos-Muskelschmerzen-30x23.jpg 30w, https:\/\/backrelease.com\/wp-content\/uploads\/2017\/06\/Schmerzlos-Muskelschmerzen-200x150.jpg 200w, https:\/\/backrelease.com\/wp-content\/uploads\/2017\/06\/Schmerzlos-Muskelschmerzen-300x225.jpg 300w, https:\/\/backrelease.com\/wp-content\/uploads\/2017\/06\/Schmerzlos-Muskelschmerzen-400x300.jpg 400w, https:\/\/backrelease.com\/wp-content\/uploads\/2017\/06\/Schmerzlos-Muskelschmerzen.jpg 500w\" sizes=\"(max-width: 500px) 100vw, 500px\" \/>\t\t\t<\/a>\n\t\t\t\t\t\t\t<\/div>\n<\/li>\n\t\t\t\n\t\t\t\n\t\t\t\t\t\t\t\t<\/ul>\n\t<\/div>\n\t<div class=\"fusion-post-content post-content\"><h2 class=\"blog-shortcode-post-title entry-title\"><a href=\"https:\/\/backrelease.com\/de\/muskelschmerzen-selber-behandeln\/\">Wie ich meine Muskelschmerzen in den Griff bekam<\/a><\/h2><div class=\"fusion-post-content-container\"><h3 style=\"font-size: 26px;\">Sport im Focus<\/h3>\n<p>Die unendlichen verschiedenen M\u00f6glichkeiten mich k\u00f6rperlich zu bewegen, Sportarten auszu\u00fcben und die Natur mit ihren Elementen zu erleben, l\u00e4sst bei mir ein Freiheitsgef\u00fchl entstehen, welches eine [\u2026]<\/p>\n<\/div><\/div><div class=\"fusion-clearfix\"><\/div><div class=\"fusion-meta-info\"><div class=\"fusion-alignleft\"><span class=\"updated\" style=\"display:none;\">2020-04-04T19:48:57+02:00<\/span>By <span class=\"vcard\"><span class=\"fn\"><a href=\"https:\/\/backrelease.com\/de\/author\/sam\/\" title=\"Beitr\u00e4ge von Sam\" rel=\"author\">Sam<\/a><\/span><\/span><span class=\"fusion-inline-sep\">|<\/span><\/div><div class=\"fusion-alignright\"><a class=\"fusion-read-more\" href=\"https:\/\/backrelease.com\/de\/muskelschmerzen-selber-behandeln\/\" aria-label=\"More on Wie ich meine Muskelschmerzen in den Griff bekam\">Weiterlesen<\/a><\/div><\/div><\/article>\n<\/div><\/div><\/div><\/div><div class=\"fusion-layout-column fusion_builder_column fusion-builder-column-6 fusion_builder_column_1_6 1_6 fusion-flex-column\" style=\"--awb-bg-size:cover;--awb-width-large:16.666666666667%;--awb-margin-top-large:0px;--awb-spacing-right-large:11.52%;--awb-margin-bottom-large:20px;--awb-spacing-left-large:11.52%;--awb-width-medium:100%;--awb-spacing-right-medium:1.92%;--awb-spacing-left-medium:1.92%;--awb-width-small:100%;--awb-spacing-right-small:1.92%;--awb-spacing-left-small:1.92%;\"><div class=\"fusion-column-wrapper fusion-flex-justify-content-flex-start fusion-content-layout-column\"><\/div><\/div><\/div><\/div><\/p>\n","protected":false},"excerpt":{"rendered":"","protected":false},"author":1,"featured_media":0,"parent":0,"menu_order":0,"comment_status":"open","ping_status":"open","template":"100-width.php","meta":{"footnotes":""},"class_list":["post-6887","page","type-page","status-publish","hentry"],"yoast_head":"<!-- This site is optimized with the Yoast SEO plugin v27.5 - https:\/\/yoast.com\/product\/yoast-seo-wordpress\/ -->\n<title>About - www.backrelease.com<\/title>\n<meta name=\"robots\" content=\"index, follow, max-snippet:-1, max-image-preview:large, max-video-preview:-1\" \/>\n<link rel=\"canonical\" href=\"https:\/\/backrelease.com\/de\/selbstmassagegeraet-entstehung\/\" \/>\n<meta property=\"og:locale\" content=\"de_DE\" \/>\n<meta property=\"og:type\" content=\"article\" \/>\n<meta property=\"og:title\" content=\"About - www.backrelease.com\" \/>\n<meta property=\"og:url\" content=\"https:\/\/backrelease.com\/de\/selbstmassagegeraet-entstehung\/\" \/>\n<meta property=\"og:site_name\" content=\"www.backrelease.com\" \/>\n<meta property=\"article:publisher\" content=\"https:\/\/www.facebook.com\/backrelease\/\" \/>\n<meta property=\"article:modified_time\" content=\"2020-04-04T19:46:48+00:00\" \/>\n<meta name=\"twitter:card\" content=\"summary_large_image\" \/>\n<meta name=\"twitter:site\" content=\"@backrelease\" \/>\n<meta name=\"twitter:label1\" content=\"Gesch\u00e4tzte Lesezeit\" \/>\n\t<meta name=\"twitter:data1\" content=\"7\u00a0Minuten\" \/>\n<script type=\"application\/ld+json\" class=\"yoast-schema-graph\">{\"@context\":\"https:\\\/\\\/schema.org\",\"@graph\":[{\"@type\":\"WebPage\",\"@id\":\"https:\\\/\\\/backrelease.com\\\/de\\\/selbstmassagegeraet-entstehung\\\/\",\"url\":\"https:\\\/\\\/backrelease.com\\\/de\\\/selbstmassagegeraet-entstehung\\\/\",\"name\":\"About - www.backrelease.com\",\"isPartOf\":{\"@id\":\"https:\\\/\\\/backrelease.com\\\/de\\\/#website\"},\"datePublished\":\"2020-04-02T11:32:11+00:00\",\"dateModified\":\"2020-04-04T19:46:48+00:00\",\"breadcrumb\":{\"@id\":\"https:\\\/\\\/backrelease.com\\\/de\\\/selbstmassagegeraet-entstehung\\\/#breadcrumb\"},\"inLanguage\":\"de\",\"potentialAction\":[{\"@type\":\"ReadAction\",\"target\":[\"https:\\\/\\\/backrelease.com\\\/de\\\/selbstmassagegeraet-entstehung\\\/\"]}]},{\"@type\":\"BreadcrumbList\",\"@id\":\"https:\\\/\\\/backrelease.com\\\/de\\\/selbstmassagegeraet-entstehung\\\/#breadcrumb\",\"itemListElement\":[{\"@type\":\"ListItem\",\"position\":1,\"name\":\"Startseite\",\"item\":\"https:\\\/\\\/backrelease.com\\\/de\\\/home-2\\\/\"},{\"@type\":\"ListItem\",\"position\":2,\"name\":\"About\"}]},{\"@type\":\"WebSite\",\"@id\":\"https:\\\/\\\/backrelease.com\\\/de\\\/#website\",\"url\":\"https:\\\/\\\/backrelease.com\\\/de\\\/\",\"name\":\"www.backrelease.com\",\"description\":\"Das Backrelease Massageger\u00e4t zur Behandlung von Muskelschmerzen und Triggerpunkten.\",\"publisher\":{\"@id\":\"https:\\\/\\\/backrelease.com\\\/de\\\/#organization\"},\"potentialAction\":[{\"@type\":\"SearchAction\",\"target\":{\"@type\":\"EntryPoint\",\"urlTemplate\":\"https:\\\/\\\/backrelease.com\\\/de\\\/?s={search_term_string}\"},\"query-input\":{\"@type\":\"PropertyValueSpecification\",\"valueRequired\":true,\"valueName\":\"search_term_string\"}}],\"inLanguage\":\"de\"},{\"@type\":\"Organization\",\"@id\":\"https:\\\/\\\/backrelease.com\\\/de\\\/#organization\",\"name\":\"Backrelease\",\"url\":\"https:\\\/\\\/backrelease.com\\\/de\\\/\",\"logo\":{\"@type\":\"ImageObject\",\"inLanguage\":\"de\",\"@id\":\"https:\\\/\\\/backrelease.com\\\/de\\\/#\\\/schema\\\/logo\\\/image\\\/\",\"url\":\"\",\"contentUrl\":\"\",\"caption\":\"Backrelease\"},\"image\":{\"@id\":\"https:\\\/\\\/backrelease.com\\\/de\\\/#\\\/schema\\\/logo\\\/image\\\/\"},\"sameAs\":[\"https:\\\/\\\/www.facebook.com\\\/backrelease\\\/\",\"https:\\\/\\\/x.com\\\/backrelease\",\"https:\\\/\\\/www.instagram.com\\\/backrelease\\\/\"]}]}<\/script>\n<!-- \/ Yoast SEO plugin. -->","yoast_head_json":{"title":"About - www.backrelease.com","robots":{"index":"index","follow":"follow","max-snippet":"max-snippet:-1","max-image-preview":"max-image-preview:large","max-video-preview":"max-video-preview:-1"},"canonical":"https:\/\/backrelease.com\/de\/selbstmassagegeraet-entstehung\/","og_locale":"de_DE","og_type":"article","og_title":"About - www.backrelease.com","og_url":"https:\/\/backrelease.com\/de\/selbstmassagegeraet-entstehung\/","og_site_name":"www.backrelease.com","article_publisher":"https:\/\/www.facebook.com\/backrelease\/","article_modified_time":"2020-04-04T19:46:48+00:00","twitter_card":"summary_large_image","twitter_site":"@backrelease","twitter_misc":{"Gesch\u00e4tzte Lesezeit":"7\u00a0Minuten"},"schema":{"@context":"https:\/\/schema.org","@graph":[{"@type":"WebPage","@id":"https:\/\/backrelease.com\/de\/selbstmassagegeraet-entstehung\/","url":"https:\/\/backrelease.com\/de\/selbstmassagegeraet-entstehung\/","name":"About - www.backrelease.com","isPartOf":{"@id":"https:\/\/backrelease.com\/de\/#website"},"datePublished":"2020-04-02T11:32:11+00:00","dateModified":"2020-04-04T19:46:48+00:00","breadcrumb":{"@id":"https:\/\/backrelease.com\/de\/selbstmassagegeraet-entstehung\/#breadcrumb"},"inLanguage":"de","potentialAction":[{"@type":"ReadAction","target":["https:\/\/backrelease.com\/de\/selbstmassagegeraet-entstehung\/"]}]},{"@type":"BreadcrumbList","@id":"https:\/\/backrelease.com\/de\/selbstmassagegeraet-entstehung\/#breadcrumb","itemListElement":[{"@type":"ListItem","position":1,"name":"Startseite","item":"https:\/\/backrelease.com\/de\/home-2\/"},{"@type":"ListItem","position":2,"name":"About"}]},{"@type":"WebSite","@id":"https:\/\/backrelease.com\/de\/#website","url":"https:\/\/backrelease.com\/de\/","name":"www.backrelease.com","description":"Das Backrelease Massageger\u00e4t zur Behandlung von Muskelschmerzen und Triggerpunkten.","publisher":{"@id":"https:\/\/backrelease.com\/de\/#organization"},"potentialAction":[{"@type":"SearchAction","target":{"@type":"EntryPoint","urlTemplate":"https:\/\/backrelease.com\/de\/?s={search_term_string}"},"query-input":{"@type":"PropertyValueSpecification","valueRequired":true,"valueName":"search_term_string"}}],"inLanguage":"de"},{"@type":"Organization","@id":"https:\/\/backrelease.com\/de\/#organization","name":"Backrelease","url":"https:\/\/backrelease.com\/de\/","logo":{"@type":"ImageObject","inLanguage":"de","@id":"https:\/\/backrelease.com\/de\/#\/schema\/logo\/image\/","url":"","contentUrl":"","caption":"Backrelease"},"image":{"@id":"https:\/\/backrelease.com\/de\/#\/schema\/logo\/image\/"},"sameAs":["https:\/\/www.facebook.com\/backrelease\/","https:\/\/x.com\/backrelease","https:\/\/www.instagram.com\/backrelease\/"]}]}},"_links":{"self":[{"href":"https:\/\/backrelease.com\/de\/wp-json\/wp\/v2\/pages\/6887","targetHints":{"allow":["GET"]}}],"collection":[{"href":"https:\/\/backrelease.com\/de\/wp-json\/wp\/v2\/pages"}],"about":[{"href":"https:\/\/backrelease.com\/de\/wp-json\/wp\/v2\/types\/page"}],"author":[{"embeddable":true,"href":"https:\/\/backrelease.com\/de\/wp-json\/wp\/v2\/users\/1"}],"replies":[{"embeddable":true,"href":"https:\/\/backrelease.com\/de\/wp-json\/wp\/v2\/comments?post=6887"}],"version-history":[{"count":0,"href":"https:\/\/backrelease.com\/de\/wp-json\/wp\/v2\/pages\/6887\/revisions"}],"wp:attachment":[{"href":"https:\/\/backrelease.com\/de\/wp-json\/wp\/v2\/media?parent=6887"}],"curies":[{"name":"wp","href":"https:\/\/api.w.org\/{rel}","templated":true}]}}